{"id":129,"date":"2021-07-25T16:32:36","date_gmt":"2021-07-25T16:32:36","guid":{"rendered":"https:\/\/azexpunge.org\/?page_id=129"},"modified":"2025-11-09T15:33:37","modified_gmt":"2025-11-09T22:33:37","slug":"about","status":"publish","type":"page","link":"https:\/\/azexpunge.org\/es\/about\/","title":{"rendered":"Qui\u00e9nes somos"},"content":{"rendered":"<p><\/p>\n<!--themify_builder_content-->\n<div id=\"themify_builder_content-129\" data-postid=\"129\" class=\"themify_builder_content themify_builder_content-129 themify_builder tf_clear\">\n    \t<!-- module_row -->\n\t<div  data-lazy=\"1\" class=\"module_row themify_builder_row tb_2syf699 tb_first tf_clearfix\">\n\t    \t\t<div class=\"row_inner col_align_top tf_box tf_w tf_rel\">\n\t\t\t<div  data-lazy=\"1\" class=\"module_column tb-column col-full first tb_b5eu699 tf_box\">\n\t    \t    \t        <div class=\"tb-column-inner tf_box tf_w\">\n\t\t    <!-- module text -->\n<div  class=\"module module-text tb_4n8x705\" data-lazy=\"1\">\n            <div  class=\"tb_text_wrap\">\n    <h2>La Coalici\u00f3n<\/h2>    <\/div>\n<\/div>\n<!-- \/module text -->\t<div  data-lazy=\"1\" class=\"module_subrow themify_builder_sub_row tb_y02a275 tf_w tf_clearfix\">\n\t    \t\t<div class=\"subrow_inner col_align_top tf_box tf_w\"  data-basecol=\"2\" data-col_mobile=\"column-full\">\n\t\t\t<div  style=\"width: 62.84%\" data-lazy=\"1\" class=\"sub_column module_column tf_box col4-2 first tb_whgv275\"> \n\t    \t    \t        <div class=\"tb-column-inner tf_box tf_w\">\n\t\t    <!-- module text -->\n<div  class=\"module module-text tb_01so643\" data-lazy=\"1\">\n            <div  class=\"tb_text_wrap\">\n    <p><span style=\"font-weight: 400;\">La campa\u00f1a Recupera tu Futuro est\u00e1 organizada por la Coalici\u00f3n para la Eliminaci\u00f3n de los Antecedentes Penales por Marihuana de Arizona, y est\u00e1 financiada por el Estado para ayudar a las personas a eliminar sus antecedentes penales p\u00fablicos relacionados con la marihuana. Nuestra Coalici\u00f3n est\u00e1 compuesta por organizaciones de servicios legales y de defensa de la comunidad de todo el estado.\u00a0<\/span><\/p>\n<p class=\"translation-block\"><span>Cuando los votantes de Arizona aprobaron la Proposici\u00f3n 207, la <strong>Ley Inteligente y Segura<\/strong>, no s\u00f3lo legalizaron la marihuana para el uso recreativo de los adultos, sino que tambi\u00e9n <\/span><span>crearon la primera ley de eliminaci\u00f3n de antecedentes penales de la historia de Arizona<\/span>.<\/p>\n<p><span style=\"font-weight: 400;\">La Proposici\u00f3n 207 design\u00f3 un fondo de 4 millones de d\u00f3lares para proporcionar al p\u00fablico servicios legales gratuitos y accesibles para ayudar en el proceso de eliminaci\u00f3n de los antecedentes penales. El fondo se asign\u00f3 al Departamento de Salud y Servicios Humanos de Arizona (DHS), retirando la gesti\u00f3n del proceso de cancelaci\u00f3n de los antecedentes penales de las manos del sistema de castigo penal. <\/span><\/p>\n<p><span style=\"font-weight: 400;\">El DHS seleccion\u00f3 a nuestra Coalici\u00f3n para que proporcionara educaci\u00f3n, divulgaci\u00f3n y asistencia jur\u00eddica en la preparaci\u00f3n de peticiones de eliminaci\u00f3n de antecedentes penales para las personas afectadas por las duras leyes sobre la marihuana.<\/span><\/p>\n<p><a href=\"\/es\/legal-clinics\/\" target=\"_blank\" rel=\"noopener\"><span style=\"font-weight: 400;\">Obt\u00e9n ayuda de nuestros abogados cualificados en uno de nuestros consultorios jur\u00eddicos gratuitos en todo el estado.<\/span><\/a><\/p>\n<h2>Nuestra misi\u00f3n<\/h2>\n<p><span style=\"font-weight: 400;\">Garantizar que todas las personas con derecho a la eliminaci\u00f3n de los antecedentes penales en virtud de la Propuesta 207:<\/span><\/p>\n<ul>\n<li class=\"translation-block\"><span>Es consciente de la <strong>oportunidad<\/strong><\/span><\/li>\n<li class=\"translation-block\"><span style=\"font-weight: 400\">Comprende los <strong>beneficios<\/strong> de la expurgaci\u00f3n<\/span><\/li>\n<li class=\"translation-block\"><span style=\"font-weight: 400\">Sabe <strong>c\u00f3mo<\/strong> <strong>intervenir en el proceso judicial<\/strong><\/span><\/li>\n<li class=\"translation-block\"><span style=\"font-weight: 400\">Tiene acceso a <\/span><b>servicios legales gratuitos<\/b><span style=\"font-weight: 400\">de los socios de la Coalici\u00f3n para ayudar en el proceso de eliminaci\u00f3n de antecedentes penales en los tribunales de todo Arizona.<\/span><\/li>\n<\/ul>\n<p><span style=\"font-weight: 400;\">Tenemos el honor de trabajar con comunidades de todo Arizona para borrar los antecedentes penales relacionados con la marihuana. <\/span><\/p>    <\/div>\n<\/div>\n<!-- \/module text -->\t        <\/div>\n\t    \t<\/div>\n\t\t<div  style=\"width: 33.96%\" data-lazy=\"1\" class=\"sub_column module_column tf_box col4-2 last tb_ziat357\"> \n\t    \t    \t<\/div>\n\t\t    <\/div>\n\t<\/div><!-- \/themify_builder_sub_row -->\n\t\t<div  data-lazy=\"1\" class=\"module_subrow themify_builder_sub_row tb_c6zg450 tf_w tf_clearfix\">\n\t    \t\t<div class=\"subrow_inner col_align_top tf_box tf_w\">\n\t\t\t<div  data-lazy=\"1\" class=\"sub_column module_column tf_box col-full first tb_hvdw451\"> \n\t    \t    \t        <div class=\"tb-column-inner tf_box tf_w\">\n\t\t    <!-- module text -->\n<div  class=\"module module-text tb_ce1s811\" data-lazy=\"1\">\n            <div  class=\"tb_text_wrap\">\n    <h2>\u00a1Conoce a las personas que trabajan para ayudar a sellar tus antecedentes penales!<\/h2>    <\/div>\n<\/div>\n<!-- \/module text -->\t        <\/div>\n\t    \t<\/div>\n\t\t    <\/div>\n\t<\/div><!-- \/themify_builder_sub_row -->\n\t\t        <\/div>\n\t    \t<\/div>\n\t\t    <\/div>\n\t    <!-- \/row_inner -->\n\t<\/div>\n\t<!-- \/module_row -->\n\t\t<!-- module_row -->\n\t<div  data-lazy=\"1\" class=\"module_row themify_builder_row tb_s6c5989 tf_clearfix\" >\n\t    \t\t<div class=\"row_inner col_align_top tf_box tf_w tf_rel\">\n\t\t\t<div  data-lazy=\"1\" class=\"module_column tb-column col-full first tb_b8gi990 tf_box\">\n\t    \t    \t        <div class=\"tb-column-inner tf_box tf_w\">\n\t\t    \t<div  data-lazy=\"1\" class=\"module_subrow themify_builder_sub_row tb_yw4x243 tf_w tf_clearfix\">\n\t    \t\t<div class=\"subrow_inner col_align_top tf_box tf_w\">\n\t\t\t<div  data-lazy=\"1\" class=\"sub_column module_column tf_box col4-2 first tb_65ti244\"> \n\t    \t    \t        <div class=\"tb-column-inner tf_box tf_w\">\n\t\t    <!-- module text -->\n<div  class=\"module module-text tb_9sfw474  repeat\" data-lazy=\"1\">\n            <div  class=\"tb_text_wrap\">\n    <h3><strong>Arizona Justice Project<\/strong><\/h3>\n<p>Sitio web: <a href=\"http:\/\/www.azjusticeproject.org\" target=\"_blank\" rel=\"noopener\"><span style=\"font-weight: 400;\">www.azjusticeproject.org<\/span><\/a><\/p>\n<p>Correo electr\u00f3nico: <a href=\"mailto:info@azjusticeproject.org\" target=\"_blank\" rel=\"noopener\"><span style=\"font-weight: 400;\">info@azjusticeproject.org<\/span><\/a><\/p>\n<p>Tel\u00e9fono:<\/p>\n<p><span style=\"font-weight: 400;\">Condados: Todos\u00a0<\/span><\/p>\n<p><span style=\"font-weight: 400;\">Fundada en 1998, la AJP es una organizaci\u00f3n sin \u00e1nimo de lucro 501(c)(3) que se especializa en proporcionar representaci\u00f3n legal pro bono a personas en casos penales en todo Arizona. La misi\u00f3n del AJP es buscar la justicia para los inocentes y los encarcelados injustamente, los marginados y olvidados del sistema de justicia penal de Arizona.\u00a0\u00a0<\/span><\/p>    <\/div>\n<\/div>\n<!-- \/module text -->\t        <\/div>\n\t    \t<\/div>\n\t\t<div  data-lazy=\"1\" class=\"sub_column module_column tf_box col4-2 last tb_9vrb245\"> \n\t    \t    \t        <div class=\"tb-column-inner tf_box tf_w\">\n\t\t    <!-- module text -->\n<div  class=\"module module-text tb_vqwv785  repeat\" data-lazy=\"1\">\n            <div  class=\"tb_text_wrap\">\n    <h3><b>DNA-People&#8217;s Legal Services<\/b><\/h3>\n<p><span style=\"font-weight: 400;\">Sitio web: <\/span><a href=\"https:\/\/dnalegalservices.org\/\"><span style=\"font-weight: 400;\">https:\/\/dnalegalservices.org\/<\/span><\/a><span style=\"font-weight: 400;\">\u00a0<\/span><\/p>\n<p><span style=\"font-weight: 400;\">Correo electr\u00f3nico:\u00a0<\/span><\/p>\n<p><span style=\"font-weight: 400;\">Tel\u00e9fono: 1-833-362-1102<\/span><\/p>\n<p><span style=\"font-weight: 400;\">Condados: Coconino, Apache, y Navajo<\/span><\/p>\n<p><span style=\"font-weight: 400;\">La DNA proporciona acceso a la justicia a las personas con bajos ingresos y vulnerables, prestando servicios jur\u00eddicos de alta calidad y educaci\u00f3n, respetando al mismo tiempo la soberan\u00eda tribal y las tradiciones culturales.<\/span><\/p>    <\/div>\n<\/div>\n<!-- \/module text -->\t        <\/div>\n\t    \t<\/div>\n\t\t    <\/div>\n\t<\/div><!-- \/themify_builder_sub_row -->\n\t\t        <\/div>\n\t    \t<\/div>\n\t\t    <\/div>\n\t    <!-- \/row_inner -->\n\t<\/div>\n\t<!-- \/module_row -->\n\t\t<!-- module_row -->\n\t<div  data-lazy=\"1\" class=\"module_row themify_builder_row tb_dp47915 tf_clearfix\" >\n\t    \t\t<div class=\"row_inner col_align_top tf_box tf_w tf_rel\">\n\t\t\t<div  data-lazy=\"1\" class=\"module_column tb-column col2-1 first tb_jobq916 tf_box\">\n\t    \t    \t        <div class=\"tb-column-inner tf_box tf_w\">\n\t\t    <!-- module text -->\n<div  class=\"module module-text tb_i3do50  repeat\" data-lazy=\"1\">\n            <div  class=\"tb_text_wrap\">\n    <h3><b>Southern Arizona Legal Aid, Inc. (SALA)<\/b><\/h3>\n<p><span style=\"font-weight: 400;\">Sitio web: <\/span><a href=\"https:\/\/www.sazlegalaid.org\/\"><span style=\"font-weight: 400;\">https:\/\/www.sazlegalaid.org\/<\/span><\/a><span style=\"font-weight: 400;\">\u00a0<\/span><\/p>\n<p><span style=\"font-weight: 400;\">Phone: 520-623-9465 ext. 4420<\/span><\/p>\n<p>Correo electr\u00f3nico: \u00a0<a href=\"mailto:expunge@sazlegalaid.org\" target=\"_blank\" rel=\"noopener\">expunge@sazlegalaid.org<\/a><\/p>\n<p><span style=\"font-weight: 400;\">Condados: Pima, Santa Cruz, Pinal County, Navajo, Apache, Gila, Cochise, Graham, y Greenlee\u00a0<\/span><\/p>\n<p class=\"translation-block\"><span style=\"font-weight: 400\">SALA provides legal services to low-income individuals and families throughout Southern Arizona, who wouldn\u2019t otherwise have access to <\/span><span style=\"font-weight: 400\">legal, social, and economic justice.\u00a0<\/span><\/p>    <\/div>\n<\/div>\n<!-- \/module text -->\t        <\/div>\n\t    \t<\/div>\n\t\t<div  data-lazy=\"1\" class=\"module_column tb-column col2-1 last tb_tw56916 tf_box\">\n\t    \t    \t        <div class=\"tb-column-inner tf_box tf_w\">\n\t\t    <!-- module text -->\n<div  class=\"module module-text tb_eu4n673  repeat\" data-lazy=\"1\">\n            <div  class=\"tb_text_wrap\">\n    <h3><b>U of A, James E. Rogers College of Law, Civil Rights Restoration Clinic<\/b><\/h3>\n<p><span style=\"font-weight: 400;\">Sitio web:<\/span> <a href=\"https:\/\/law.arizona.edu\/clinics\/civil-rights-restoration-clinic\"><span style=\"font-weight: 400;\">https:\/\/law.arizona.edu\/clinics\/civil-rights-restoration-clinic<\/span><\/a><span style=\"font-weight: 400;\">\u00a0<\/span><\/p>\n<p><span style=\"font-weight: 400;\">Tel\u00e9fono: 520-626-5232\u00a0<\/span><\/p>\n<p><span style=\"font-weight: 400;\">Condados: Pima\u00a0<\/span><\/p>\n<p><span style=\"font-weight: 400;\">La CRRC representa a personas con condenas penales en la solicitud de anulaci\u00f3n de sus condenas, de restablecimiento de sus derechos civiles y en asuntos relacionados. Durante los 15 a\u00f1os del CRRC, ha representado gratuitamente a m\u00e1s de 1000 personas en el condado de Pima.<\/span><\/p>    <\/div>\n<\/div>\n<!-- \/module text -->\t        <\/div>\n\t    \t<\/div>\n\t\t    <\/div>\n\t    <!-- \/row_inner -->\n\t<\/div>\n\t<!-- \/module_row -->\n\t\t<!-- module_row -->\n\t<div  data-lazy=\"1\" class=\"module_row themify_builder_row tb_tl2r529 tf_clearfix\" >\n\t    \t\t<div class=\"row_inner col_align_top tf_box tf_w tf_rel\">\n\t\t\t<div  data-lazy=\"1\" class=\"module_column tb-column col2-1 first tb_69pf529 tf_box\">\n\t    \t    \t        <div class=\"tb-column-inner tf_box tf_w\">\n\t\t    <!-- module text -->\n<div  class=\"module module-text tb_621s705  repeat\" data-lazy=\"1\">\n            <div  class=\"tb_text_wrap\">\n    <h3><b>ASU, Sandra Day O\u2019Connor College of Law, Post-Conviction Clinic<\/b><\/h3>\n<p><span style=\"font-weight: 400;\">Sitio web: <\/span><a href=\"https:\/\/law.asu.edu\/experiences\/clinics\/post-conviction\"><span style=\"font-weight: 400;\">https:\/\/law.asu.edu\/experiences\/clinics\/post-conviction<\/span><\/a><span style=\"font-weight: 400;\">\u00a0<\/span><\/p>\n<p><span style=\"font-weight: 400;\">Tel\u00e9fono: 480-965-2874\u00a0\u00a0<\/span><\/p>\n<p><span style=\"font-weight: 400;\">Condados: Todos\u00a0<\/span><\/p>\n<p><span style=\"font-weight: 400;\">Desde 2009, la Cl\u00ednica de Poscondena de la Facultad de Derecho Sandra Day O'Connor (PCC) se ha dedicado a proporcionar asistencia jur\u00eddica pro bono a los acusados de delitos con reclamaciones de condena injusta, injusticia manifiesta o a los que est\u00e1n en peligro inminente de muerte que buscan clemencia.<\/span><\/p>\n<p><div class=\"post-video\"><iframe loading=\"lazy\" data-tf-not-load=\"1\" title=\"Meet the #ReclaimYourFuture Coalition: ASU POST-CONVICTION CLINIC\" width=\"1165\" height=\"655\" src=\"https:\/\/www.youtube.com\/embed\/2XT2H5sTcsA?feature=oembed\" frameborder=\"0\" allow=\"accelerometer; autoplay; clipboard-write; encrypted-media; gyroscope; picture-in-picture\" allowfullscreen><\/iframe><\/div><\/p>\n    <\/div>\n<\/div>\n<!-- \/module text -->\t        <\/div>\n\t    \t<\/div>\n\t\t<div  data-lazy=\"1\" class=\"module_column tb-column col2-1 last tb_b88m529 tf_box\">\n\t    \t    \t        <div class=\"tb-column-inner tf_box tf_w\">\n\t\t    \t        <\/div>\n\t    \t<\/div>\n\t\t    <\/div>\n\t    <!-- \/row_inner -->\n\t<\/div>\n\t<!-- \/module_row -->\n\t\t<!-- module_row -->\n\t<div  data-lazy=\"1\" class=\"module_row themify_builder_row tb_3oxa437 tf_clearfix\" >\n\t    \t\t<div class=\"row_inner col_align_top tf_box tf_w tf_rel\">\n\t\t\t<div  data-lazy=\"1\" class=\"module_column tb-column col2-1 first tb_wizl438 tf_box\">\n\t    \t    \t        <div class=\"tb-column-inner tf_box tf_w\">\n\t\t    \t        <\/div>\n\t    \t<\/div>\n\t\t<div  data-lazy=\"1\" class=\"module_column tb-column col2-1 last tb_54fi438 tf_box\">\n\t    \t    \t<\/div>\n\t\t    <\/div>\n\t    <!-- \/row_inner -->\n\t<\/div>\n\t<!-- \/module_row -->\n\t<\/div>\n<!--\/themify_builder_content-->","protected":false},"excerpt":{"rendered":"","protected":false},"author":7,"featured_media":0,"parent":0,"menu_order":0,"comment_status":"closed","ping_status":"closed","template":"","meta":{"_seopress_robots_primary_cat":"","_seopress_titles_title":"","_seopress_titles_desc":"","_seopress_robots_index":"","cybocfi_hide_featured_image":"","footnotes":""},"class_list":["post-129","page","type-page","status-publish","hentry","has-post-title","has-post-date","has-post-category","has-post-tag","has-post-comment","has-post-author",""],"builder_content":"<h2>The Coalition<\/h2>\n<p>The Reclaim Your Future campaign is organized by the Arizona Marijuana Expungement Coalition, and is funded by the State to help people expunge their marijuana-related public criminal records. Our Coalition is composed of community legal services and advocacy organizations from across the state.\u00a0<\/p> <p>When voters in Arizona passed Prop 207, the <strong>Smart and Safe Act<\/strong>, they not only legalized marijuana for adult recreational use, they also created the first expungement law in Arizona history!<\/p> <p>Prop 207 designated a $4 million dollar fund to provide the public free and accessible legal services to aid in the expungement process. The fund was assigned to the Arizona Department of Health and Human Services (DHS), removing the management of the expungement process from the hands of the criminal punishment system. <\/p> <p>DHS selected our Coalition to provide education, outreach, and legal assistance in preparing expungement petitions for people impacted by harsh marijauna laws.<\/p> <p><a href=\"\/legal-clinics\/\" target=\"_blank\" rel=\"noopener\">Get help from our qualified attorneys at one of our statewide free legal clinics!<\/a><\/p> <h2>Our Mission<\/h2> <p>Ensure that everyone eligible for expungement under Proposition 207:<\/p> <ul> <li>Is aware of the <strong>opportunity<\/strong><\/li> <li>Understands the <strong>benefits<\/strong> of expungement<\/li> <li>Knows <strong>how<\/strong> <strong>to engage in the court<\/strong> process<\/li> <li>Has access to <b>free<\/b> legal services from Coalition partners to assist with the expungement process in courts throughout Arizona.<\/li> <\/ul> <p>We are honored to work with communities across Arizona to expunge marijuana-related criminal records. <\/p>\n<h2>Get to know the people working to help seal your criminal background!<\/h2>\n<h3><strong>Arizona Justice Project<\/strong><\/h3> <p>Website: <a href=\"http:\/\/www.azjusticeproject.org\" target=\"_blank\" rel=\"noopener\">www.azjusticeproject.org<\/a><\/p> <p>Email: <a href=\"mailto:info@azjusticeproject.org\" target=\"_blank\" rel=\"noopener\">info@azjusticeproject.org<\/a><\/p> <p>Phone:<\/p> <p>Counties served: All\u00a0<\/p> <p>Established in 1998, the AJP is a 501(c)(3) nonprofit organization that specializes in providing pro bono legal representation to individuals in criminal cases throughout Arizona. The AJP\u2019s mission is to seek justice for the innocent and the wrongfully imprisoned \u2013 the marginalized and forgotten of Arizona\u2019s criminal justice system.\u00a0\u00a0<\/p>\n<h3><b>DNA-People's Legal Services<\/b><\/h3> <p>Website: <a href=\"https:\/\/dnalegalservices.org\/\">https:\/\/dnalegalservices.org\/<\/a>\u00a0<\/p> <p>Email:\u00a0<\/p> <p>Phone: 1-833-362-1102<\/p> <p>Counties: Coconino, Apache and Navajo Counties<\/p> <p>DNA provides access to justice to those who are low income and vulnerable by providing high quality legal services and education while respecting tribal sovereignty and cultural traditions.<\/p>\n<h3><b>Southern Arizona Legal Aid, Inc. (SALA)<\/b><\/h3> <p>Website: <a href=\"https:\/\/www.sazlegalaid.org\/\">https:\/\/www.sazlegalaid.org\/<\/a>\u00a0<\/p> <p>Phone: 520-623-9465 ext. 4420<\/p> <p>Email: \u00a0<a href=\"mailto:expunge@sazlegalaid.org\" target=\"_blank\" rel=\"noopener\">expunge@sazlegalaid.org<\/a><\/p> <p>Counties: Pima, Santa Cruz, Pinal County, Navajo, Apache, Gila, Cochise, Graham, and Greenlee\u00a0<\/p> <p>SALA provides legal services to low-income individuals and families throughout Southern Arizona, who wouldn't otherwise have access to legal, social, and economic justice.\u00a0<\/p>\n<h3><b>U of A, James E. Rogers College of Law, Civil Rights Restoration Clinic<\/b><\/h3> <p>Website: <a href=\"https:\/\/law.arizona.edu\/clinics\/civil-rights-restoration-clinic\">https:\/\/law.arizona.edu\/clinics\/civil-rights-restoration-clinic<\/a>\u00a0<\/p> <p>Phone: 520-626-5232\u00a0<\/p> <p>Counties: Pima\u00a0<\/p> <p>The CRRC represents people with criminal convictions in applying to get their convictions set aside, civil rights restored and in related matters. During the 15 years of the CRRC, it has represented on a free basis over 1000 people in Pima County.<\/p>\n<h3><b>ASU, Sandra Day O\u2019Connor College of Law, Post-Conviction Clinic<\/b><\/h3> <p>Website: <a href=\"https:\/\/law.asu.edu\/experiences\/clinics\/post-conviction\">https:\/\/law.asu.edu\/experiences\/clinics\/post-conviction<\/a>\u00a0<\/p> <p>Phone: 480-965-2874\u00a0\u00a0<\/p> <p>Counties: All\u00a0<\/p> <p>Since 2009, the Post-Conviction Clinic at the Sandra Day O\u2019Connor College of Law (PCC) has been dedicated to providing pro bono legal assistance to criminal defendants with claims of wrongful conviction, manifest injustice, or those in imminent danger of death seeking clemency.<\/p> <p>[embed]https:\/\/youtu.be\/2XT2H5sTcsA[\/embed]<\/p>\n\n","_links":{"self":[{"href":"https:\/\/azexpunge.org\/es\/wp-json\/wp\/v2\/pages\/129","targetHints":{"allow":["GET"]}}],"collection":[{"href":"https:\/\/azexpunge.org\/es\/wp-json\/wp\/v2\/pages"}],"about":[{"href":"https:\/\/azexpunge.org\/es\/wp-json\/wp\/v2\/types\/page"}],"author":[{"embeddable":true,"href":"https:\/\/azexpunge.org\/es\/wp-json\/wp\/v2\/users\/7"}],"replies":[{"embeddable":true,"href":"https:\/\/azexpunge.org\/es\/wp-json\/wp\/v2\/comments?post=129"}],"version-history":[{"count":52,"href":"https:\/\/azexpunge.org\/es\/wp-json\/wp\/v2\/pages\/129\/revisions"}],"predecessor-version":[{"id":3623,"href":"https:\/\/azexpunge.org\/es\/wp-json\/wp\/v2\/pages\/129\/revisions\/3623"}],"wp:attachment":[{"href":"https:\/\/azexpunge.org\/es\/wp-json\/wp\/v2\/media?parent=129"}],"curies":[{"name":"wp","href":"https:\/\/api.w.org\/{rel}","templated":true}]}}